{"id":103,"date":"2014-12-28T16:32:26","date_gmt":"2014-12-28T14:32:26","guid":{"rendered":"http:\/\/www.musikverein-epfendorf.de\/wordpress\/?page_id=103"},"modified":"2022-06-30T09:40:24","modified_gmt":"2022-06-30T07:40:24","slug":"die-aktive-kapelle-des-mv-epfendorf-e-v","status":"publish","type":"page","link":"https:\/\/www.musikverein-epfendorf.de\/wordpress\/?page_id=103","title":{"rendered":"Die Aktive Kapelle des MV Epfendorf e.V."},"content":{"rendered":"<p>Derzeit spielen 40 aktive Musikerinnen und Musiker in der Aktiven Kapelle des Musikverein Epfendorf unter der Leitung von Dirigent J\u00f6rg Lamparter.<\/p>\n<p>Der MVE hat sich fast ausschliesslich der modernen Stimmungs- und Unterhaltungsmusik verschrieben, wobei viele Eigenarrangements einfliessen und den Musikst\u00fccken einen unverkennbaren Sound geben. Auch M\u00e4rsche, Polkas und Walzer sind im Repertoire enthalten. Diese runden die Vielf\u00e4ltigkeit ab und sorgen f\u00fcr eine gute musikalische Mischung.<\/p>\n<p>Die Proben der Gesamtkapelle finden jeden Freitag von 20-22 Uhr in unserem Proberaum im Schulgeb\u00e4ude in Epfendorf statt &#8211; Interessierte und &#8222;Wiedereinsteiger&#8220; sind nat\u00fcrlich jederzeit willkommen!<\/p>\n\n\n<div class=\"wp-block-image\"><figure class=\"aligncenter size-large\"><img loading=\"lazy\" decoding=\"async\" width=\"1024\" height=\"556\" src=\"http:\/\/www.musikverein-epfendorf.de\/wordpress\/wp-content\/uploads\/2019\/12\/MVE_201910_01_Gesamtkapelle_web-e1576863249532-1024x556.jpg\" alt=\"MVE Aktive Kapelle 2019\" class=\"wp-image-1342\" srcset=\"https:\/\/www.musikverein-epfendorf.de\/wordpress\/wp-content\/uploads\/2019\/12\/MVE_201910_01_Gesamtkapelle_web-e1576863249532-1024x556.jpg 1024w, https:\/\/www.musikverein-epfendorf.de\/wordpress\/wp-content\/uploads\/2019\/12\/MVE_201910_01_Gesamtkapelle_web-e1576863249532-300x163.jpg 300w, https:\/\/www.musikverein-epfendorf.de\/wordpress\/wp-content\/uploads\/2019\/12\/MVE_201910_01_Gesamtkapelle_web-e1576863249532-768x417.jpg 768w, https:\/\/www.musikverein-epfendorf.de\/wordpress\/wp-content\/uploads\/2019\/12\/MVE_201910_01_Gesamtkapelle_web-e1576863249532.jpg 1200w\" sizes=\"auto, (max-width: 1024px) 100vw, 1024px\" \/><figcaption>Die Aktive Kapelle des MVE im Jubil\u00e4umsjahr 2019<\/figcaption><\/figure><\/div>\n","protected":false},"excerpt":{"rendered":"<p>Derzeit spielen 40 aktive Musikerinnen und Musiker in der Aktiven Kapelle des Musikverein Epfendorf unter der Leitung von Dirigent J\u00f6rg Lamparter. Der MVE hat sich fast ausschliesslich der modernen Stimmungs- und Unterhaltungsmusik verschrieben, wobei viele Eigenarrangements einfliessen und den Musikst\u00fccken <a class=\"more-link\" href=\"https:\/\/www.musikverein-epfendorf.de\/wordpress\/?page_id=103\">weiterlesen&#8230;<\/a><\/p>\n","protected":false},"author":2,"featured_media":0,"parent":12,"menu_order":10,"comment_status":"open","ping_status":"open","template":"","meta":{"footnotes":""},"class_list":["post-103","page","type-page","status-publish","hentry"],"_links":{"self":[{"href":"https:\/\/www.musikverein-epfendorf.de\/wordpress\/index.php?rest_route=\/wp\/v2\/pages\/103","targetHints":{"allow":["GET"]}}],"collection":[{"href":"https:\/\/www.musikverein-epfendorf.de\/wordpress\/index.php?rest_route=\/wp\/v2\/pages"}],"about":[{"href":"https:\/\/www.musikverein-epfendorf.de\/wordpress\/index.php?rest_route=\/wp\/v2\/types\/page"}],"author":[{"embeddable":true,"href":"https:\/\/www.musikverein-epfendorf.de\/wordpress\/index.php?rest_route=\/wp\/v2\/users\/2"}],"replies":[{"embeddable":true,"href":"https:\/\/www.musikverein-epfendorf.de\/wordpress\/index.php?rest_route=%2Fwp%2Fv2%2Fcomments&post=103"}],"version-history":[{"count":11,"href":"https:\/\/www.musikverein-epfendorf.de\/wordpress\/index.php?rest_route=\/wp\/v2\/pages\/103\/revisions"}],"predecessor-version":[{"id":1364,"href":"https:\/\/www.musikverein-epfendorf.de\/wordpress\/index.php?rest_route=\/wp\/v2\/pages\/103\/revisions\/1364"}],"up":[{"embeddable":true,"href":"https:\/\/www.musikverein-epfendorf.de\/wordpress\/index.php?rest_route=\/wp\/v2\/pages\/12"}],"wp:attachment":[{"href":"https:\/\/www.musikverein-epfendorf.de\/wordpress\/index.php?rest_route=%2Fwp%2Fv2%2Fmedia&parent=103"}],"curies":[{"name":"wp","href":"https:\/\/api.w.org\/{rel}","templated":true}]}}