{"id":12,"date":"2014-12-25T13:51:45","date_gmt":"2014-12-25T11:51:45","guid":{"rendered":"http:\/\/www.musikverein-epfendorf.de\/wordpress\/?page_id=12"},"modified":"2020-01-17T18:53:02","modified_gmt":"2020-01-17T16:53:02","slug":"verein","status":"publish","type":"page","link":"https:\/\/www.musikverein-epfendorf.de\/wordpress\/?page_id=12","title":{"rendered":"Verein"},"content":{"rendered":"<h3>Allgemeine Informationen zum MV Epfendorf<\/h3>\n<ul>\n<li><a title=\"\u00dcber 100 Jahre und kein bisschen leise\u2026\" href=\"http:\/\/www.musikverein-epfendorf.de\/wordpress\/?page_id=90\">Ein \u00dcberblick der 125-j\u00e4hrigen Geschichte des MV Epfendorf<\/a><\/li>\n<li><a title=\"Die Aktive Kapelle des MV Epfendorf e.V.\" href=\"http:\/\/www.musikverein-epfendorf.de\/wordpress\/?page_id=103\">Die Aktive Kapelle des MV Epfendorf e.V.<\/a><\/li>\n<li><a title=\"Vorstandschaft des MV Epfendorf e.V.\" href=\"http:\/\/www.musikverein-epfendorf.de\/wordpress\/?page_id=109\">Die Vorstandschaft des MVE<\/a><\/li>\n<li><a href=\"http:\/\/www.musikverein-epfendorf.de\/wordpress\/?page_id=1230\">Informationen zum Vereinsanh\u00e4nger des MV Epfendorf<\/a><\/li>\n<li><a title=\"Impressum\" href=\"http:\/\/www.musikverein-epfendorf.de\/wordpress\/?page_id=14\">Impressum<\/a> und <a href=\"http:\/\/www.musikverein-epfendorf.de\/wordpress\/?page_id=1018\">Datenschutzerkl\u00e4rung<\/a><\/li>\n<\/ul>\n<h3>Kontaktinformationen<\/h3>\n<p>F\u00fcr allgemeine Anfragen und Terminanfragen senden Sie uns bitte <a href=\"mailto:schriftfuehrer@musikverein-epfendorf.de\">eine E-Mail<\/a> zu.<\/p>\n<h5>Postanschrift:<\/h5>\n<p>Musikverein Epfendorf e.V.<br \/>Schenkenbergstra\u00dfe 27<br \/>78736 Epfendorf<\/p>\n<h5>Bankverbindung:<\/h5>\n<p>Unsere Bankverbindung bei der Volksbank Rottweil eG:<br \/>IBAN: <span id=\"medItem\" class=\"XMedia\">DE74 64290120 0081650000<\/span><br \/>BIC: <span id=\"medItem\" class=\"XMedia\">GENODES1VRW<\/span><\/p>\n\n\n<p><\/p>\n","protected":false},"excerpt":{"rendered":"<p>Allgemeine Informationen zum MV Epfendorf Ein \u00dcberblick der 125-j\u00e4hrigen Geschichte des MV Epfendorf Die Aktive Kapelle des MV Epfendorf e.V. Die Vorstandschaft des MVE Informationen zum Vereinsanh\u00e4nger des MV Epfendorf Impressum und Datenschutzerkl\u00e4rung Kontaktinformationen F\u00fcr allgemeine Anfragen und Terminanfragen senden <a class=\"more-link\" href=\"https:\/\/www.musikverein-epfendorf.de\/wordpress\/?page_id=12\">weiterlesen&#8230;<\/a><\/p>\n","protected":false},"author":2,"featured_media":0,"parent":0,"menu_order":30,"comment_status":"closed","ping_status":"closed","template":"","meta":{"footnotes":""},"class_list":["post-12","page","type-page","status-publish","hentry"],"_links":{"self":[{"href":"https:\/\/www.musikverein-epfendorf.de\/wordpress\/index.php?rest_route=\/wp\/v2\/pages\/12","targetHints":{"allow":["GET"]}}],"collection":[{"href":"https:\/\/www.musikverein-epfendorf.de\/wordpress\/index.php?rest_route=\/wp\/v2\/pages"}],"about":[{"href":"https:\/\/www.musikverein-epfendorf.de\/wordpress\/index.php?rest_route=\/wp\/v2\/types\/page"}],"author":[{"embeddable":true,"href":"https:\/\/www.musikverein-epfendorf.de\/wordpress\/index.php?rest_route=\/wp\/v2\/users\/2"}],"replies":[{"embeddable":true,"href":"https:\/\/www.musikverein-epfendorf.de\/wordpress\/index.php?rest_route=%2Fwp%2Fv2%2Fcomments&post=12"}],"version-history":[{"count":9,"href":"https:\/\/www.musikverein-epfendorf.de\/wordpress\/index.php?rest_route=\/wp\/v2\/pages\/12\/revisions"}],"predecessor-version":[{"id":1365,"href":"https:\/\/www.musikverein-epfendorf.de\/wordpress\/index.php?rest_route=\/wp\/v2\/pages\/12\/revisions\/1365"}],"wp:attachment":[{"href":"https:\/\/www.musikverein-epfendorf.de\/wordpress\/index.php?rest_route=%2Fwp%2Fv2%2Fmedia&parent=12"}],"curies":[{"name":"wp","href":"https:\/\/api.w.org\/{rel}","templated":true}]}}