{"id":1601,"date":"2023-06-09T11:54:37","date_gmt":"2023-06-09T09:54:37","guid":{"rendered":"http:\/\/www.musikverein-epfendorf.de\/wordpress\/?page_id=1601"},"modified":"2023-06-28T20:49:40","modified_gmt":"2023-06-28T18:49:40","slug":"wir-suchen-dich","status":"publish","type":"page","link":"https:\/\/www.musikverein-epfendorf.de\/wordpress\/?page_id=1601","title":{"rendered":"Wir suchen Dich!"},"content":{"rendered":"\n<figure class=\"wp-block-image size-large\"><a href=\"http:\/\/www.musikverein-epfendorf.de\/wordpress\/wp-content\/uploads\/2023\/06\/Postkarte_MVE_Ansicht_Vorderseite.jpg\"><img loading=\"lazy\" decoding=\"async\" width=\"1024\" height=\"726\" src=\"http:\/\/www.musikverein-epfendorf.de\/wordpress\/wp-content\/uploads\/2023\/06\/Postkarte_MVE_Ansicht_Vorderseite-1024x726.jpg\" alt=\"\" class=\"wp-image-1605\" srcset=\"https:\/\/www.musikverein-epfendorf.de\/wordpress\/wp-content\/uploads\/2023\/06\/Postkarte_MVE_Ansicht_Vorderseite-1024x726.jpg 1024w, https:\/\/www.musikverein-epfendorf.de\/wordpress\/wp-content\/uploads\/2023\/06\/Postkarte_MVE_Ansicht_Vorderseite-300x213.jpg 300w, https:\/\/www.musikverein-epfendorf.de\/wordpress\/wp-content\/uploads\/2023\/06\/Postkarte_MVE_Ansicht_Vorderseite-768x545.jpg 768w, https:\/\/www.musikverein-epfendorf.de\/wordpress\/wp-content\/uploads\/2023\/06\/Postkarte_MVE_Ansicht_Vorderseite.jpg 1200w\" sizes=\"auto, (max-width: 1024px) 100vw, 1024px\" \/><\/a><\/figure>\n\n\n\n<p><\/p>\n\n\n\n<p>Beim Musikverein Epfendorf freuen wir uns immer \u00fcber weitere aktive Mitglieder &#8211; sowohl bei unseren Angeboten f\u00fcr Kinder und Jugendliche als auch \u00fcber neue aktive Mitglieder, die zu unserer Kapelle stossen wollen.<\/p>\n\n\n\n<h2 class=\"wp-block-heading has-pale-cyan-blue-background-color has-background\"><strong>Unser Angebot f\u00fcr Kinder<\/strong><\/h2>\n\n\n\n<p>Der Musikverein Epfendorf bietet ein breites Angebot an Kursen f\u00fcr die &#8222;Kleinen&#8220;:<\/p>\n\n\n\n<div class=\"wp-block-columns is-layout-flex wp-container-core-columns-is-layout-9d6595d7 wp-block-columns-is-layout-flex\">\n<div class=\"wp-block-column is-layout-flow wp-block-column-is-layout-flow\">\n<h4 class=\"wp-block-heading\">Musikfantasie<\/h4>\n\n\n\n<p>Kinder lernen in spielerischer und in kreativer Weise die ersten Bausteine der Musiklehre kennen. Die Lerninhalte sind so vielf\u00e4ltig und spannend wie die Musik selbst.<\/p>\n\n\n\n<p>Musikfantasie ist&#8230;<\/p>\n\n\n\n<ul class=\"wp-block-list\">\n<li>eine moderne, kindgerechte musikalische Fr\u00fcherziehung ab ca. 4 Jahren<\/li>\n\n\n\n<li>eine musische, kreative F\u00f6rderung, die Vorschulkindern Freude macht<\/li>\n\n\n\n<li>eine fantasievolle Musikschulung mit Inhalten der Musiklehrer<\/li>\n\n\n\n<li>ein mit gro\u00dfer Sorgfalt und Kompetenz erarbeitetes Fr\u00fcherziehungskonzept mit abwechslungsreichen und interessanten Musikstunden<\/li>\n<\/ul>\n<\/div>\n\n\n\n<div class=\"wp-block-column is-layout-flow wp-block-column-is-layout-flow\">\n<h4 class=\"wp-block-heading\">Blockfl\u00f6tenunterricht <\/h4>\n\n\n\n<p>Jetzt macht das Blockfl\u00f6tenspiel so richtig Spa\u00df! Die Blockfl\u00f6te ist das typische Einsteigerinstrument ab einem Alter von ca. 5 Jahren und geh\u00f6rt zu den beliebtesten Instrumenten in der Musikwelt. Die einfache Blas- und Grifftechnik f\u00fchrt zu schnellen Erfolgserlebnissen.<\/p>\n\n\n\n<p> <\/p>\n<\/div>\n\n\n\n<div class=\"wp-block-column is-layout-flow wp-block-column-is-layout-flow\">\n<h4 class=\"wp-block-heading\">Musikunterricht<\/h4>\n\n\n\n<p>Im Instrumentalunterricht erlernst Du ab ca. 8 Jahren die Spieltechniken und musikalische Gestaltungsf\u00e4higkeit an Deinem ausgew\u00e4hlten Instrument. Neben dem Praxisunterricht werden nat\u00fcrlich auch die theoretischen Grundlagen unterrichtet.<\/p>\n\n\n\n<p>Die Ausbildung erfolgt hierbei in der Regel durch ausgebildete Musikp\u00e4dagogen einer Musikschule. Der MV Epfendorf bezuschusst die hierf\u00fcr anfallenden Kosten und stellt f\u00fcr die Dauer der Ausbildung ein geeignetes Instrument unentgeltlich zur Verf\u00fcgung. <\/p>\n\n\n\n<p>Selbstverst\u00e4ndlich ist der MVE f\u00fcr die gesamte Dauer der Ausbildung der zentrale Ansprechpartner, auch bei einer sp\u00e4teren Aufnahme in die Jugendkapelle, bei gemeinsamen Veranstaltungen, Jugendausfl\u00fcgen und, und, und&#8230;<\/p>\n<\/div>\n<\/div>\n\n\n\n<h4 class=\"wp-block-heading\">Interessiert?<\/h4>\n\n\n\n<p>F\u00fcr weitere Informationen steht euch unsere <a href=\"Mailto:Jugendleitung@musikverein-epfendorf.de?Subject=Frage zur Jugendarbeit des MV Epfendorf\">Jugendleiterin Jana Schmeh<\/a> gerne zur Verf\u00fcgung, sie freut sich auf eure Nachricht.<\/p>\n\n\n\n<h2 class=\"wp-block-heading has-vivid-cyan-blue-background-color has-background\"><strong>Unser Angebot f\u00fcr Erwachsene<\/strong><\/h2>\n\n\n\n<p>Du spielst bereits Schlagzeug oder ein Blasinstrument und m\u00f6chtest in einem Verein aktiv sein? Bei uns kannst Du nicht nur dein Hobby aus\u00fcben, sondern findest auch neue Freunde, denn die Kameradschaft steht bei uns, neben der Musik, an erster Stelle!<\/p>\n\n\n\n<p><\/p>\n\n\n\n<h4 class=\"wp-block-heading\">Welche Instrumente kann man denn beim MVE spielen?<\/h4>\n\n\n\n<p>Aktuell suchen wir ganz konkret Verst\u00e4rkung in unserem Schlagzeug-Register: angefangen von der Marschtrommel und Becken \u00fcber die kleine Trommel, die Pauken, das kombinierte Schlagzeug bis hin zum Xylophon und Glockenspiel.<\/p>\n\n\n\n<p>Auch in unseren weiteren Registern (Fl\u00f6ten, Klarinetten, Saxophone, Trompeten, Fl\u00fcgelhorn, Posaunen, Horn, Tenorhorn, Bariton und Tuba) freuen wir uns jederzeit \u00fcber Verst\u00e4rkung.<\/p>\n\n\n\n<p><\/p>\n\n\n\n<h4 class=\"wp-block-heading\">Was l\u00e4uft denn so das Jahr \u00fcber beim MVE?<\/h4>\n\n\n\n<p>Zum Jahresbeginn unterst\u00fctzen wir immer unsere Kameraden von der Narrenzunft Epfendorf bei den verschiedenen Umz\u00fcgen bei Narrentreffen und nat\u00fcrlich auch bei unserer tollen Fasnet in Epfendorf. Im Fr\u00fchling, eine Woche vor Ostern, findet dann der musikalische H\u00f6hepunkt des Vereinsjahres statt, unser <a href=\"http:\/\/www.musikverein-epfendorf.de\/wordpress\/?p=1618\" data-type=\"post\" data-id=\"1618\"><strong>Fr\u00fchlingskonzert<\/strong> <\/a>in der Gemeindehalle Epfendorf.<\/p>\n\n\n\n<p>Im Jahresverlauf sind wir noch bei verschiedenen Auftritten innerhalb und au\u00dferhalb Epfendorfs aktiv und selbstverst\u00e4ndlich kommt auch die Kameradschaft nicht zu kurz, sei es beim Probenabschluss vor der Sommerpause, einem gemeinsamen Ausflug oder einer kleinen Hockete nach der Probe.<\/p>\n\n\n\n<p>Am ersten Mai findet unser traditionelles <strong><a href=\"http:\/\/www.musikverein-epfendorf.de\/wordpress\/?p=1630\" data-type=\"post\" data-id=\"1630\">Maifest<\/a> <\/strong>beim Sportgel\u00e4nde statt und im Herbst veranstalten wir in der Gemeindehalle unser Herbstfest mit der leckeren Schlachtplatte.<\/p>\n\n\n\n<p><\/p>\n\n\n\n<h4 class=\"wp-block-heading\">Interessiert?<\/h4>\n\n\n\n<p>Wir proben jeden Freitag von 19:00 &#8211; 21:00 Uhr im Geb\u00e4ude der Schlichemklammschule in Epfendorf.<\/p>\n\n\n\n<p>Schau doch einfach unverbindlich bei uns vorbei, wir freuen uns! Bei Fragen stehen unser <a href=\"Mailto:dirigent@musikverein-epfendorf.de?Subject=Frage zur aktiven Kapelle des MV Epfendorf\">Dirigent J\u00f6rg Lamparter<\/a> und der <a href=\"Mailto:vorsitzender@musikverein-epfendorf.de?Subject=Frage zur aktiven Kapelle des MV Epfendorf\">erste Vorsitzende Andreas Perthel<\/a> (auch per Telefon: 07404 910659) gerne zur Verf\u00fcgung.<\/p>\n\n\n\n<figure class=\"wp-block-image size-large\"><a href=\"http:\/\/www.musikverein-epfendorf.de\/wordpress\/wp-content\/uploads\/2019\/12\/MVE_201910_01_Gesamtkapelle_web-e1576863249532.jpg\"><img loading=\"lazy\" decoding=\"async\" width=\"1024\" height=\"556\" src=\"http:\/\/www.musikverein-epfendorf.de\/wordpress\/wp-content\/uploads\/2019\/12\/MVE_201910_01_Gesamtkapelle_web-e1576863249532-1024x556.jpg\" alt=\"Die aktive Kapelle des MVE beim 125j\u00e4hrigen Jubil\u00e4um 2019\" class=\"wp-image-1342\" srcset=\"https:\/\/www.musikverein-epfendorf.de\/wordpress\/wp-content\/uploads\/2019\/12\/MVE_201910_01_Gesamtkapelle_web-e1576863249532-1024x556.jpg 1024w, https:\/\/www.musikverein-epfendorf.de\/wordpress\/wp-content\/uploads\/2019\/12\/MVE_201910_01_Gesamtkapelle_web-e1576863249532-300x163.jpg 300w, https:\/\/www.musikverein-epfendorf.de\/wordpress\/wp-content\/uploads\/2019\/12\/MVE_201910_01_Gesamtkapelle_web-e1576863249532-768x417.jpg 768w, https:\/\/www.musikverein-epfendorf.de\/wordpress\/wp-content\/uploads\/2019\/12\/MVE_201910_01_Gesamtkapelle_web-e1576863249532.jpg 1200w\" sizes=\"auto, (max-width: 1024px) 100vw, 1024px\" \/><\/a><\/figure>\n","protected":false},"excerpt":{"rendered":"<p>Beim Musikverein Epfendorf freuen wir uns immer \u00fcber weitere aktive Mitglieder &#8211; sowohl bei unseren Angeboten f\u00fcr Kinder und Jugendliche als auch \u00fcber neue aktive Mitglieder, die zu unserer Kapelle stossen wollen. Unser Angebot f\u00fcr Kinder Der Musikverein Epfendorf bietet <a class=\"more-link\" href=\"https:\/\/www.musikverein-epfendorf.de\/wordpress\/?page_id=1601\">weiterlesen&#8230;<\/a><\/p>\n","protected":false},"author":2,"featured_media":1605,"parent":12,"menu_order":0,"comment_status":"closed","ping_status":"closed","template":"","meta":{"footnotes":""},"class_list":["post-1601","page","type-page","status-publish","has-post-thumbnail","hentry"],"_links":{"self":[{"href":"https:\/\/www.musikverein-epfendorf.de\/wordpress\/index.php?rest_route=\/wp\/v2\/pages\/1601","targetHints":{"allow":["GET"]}}],"collection":[{"href":"https:\/\/www.musikverein-epfendorf.de\/wordpress\/index.php?rest_route=\/wp\/v2\/pages"}],"about":[{"href":"https:\/\/www.musikverein-epfendorf.de\/wordpress\/index.php?rest_route=\/wp\/v2\/types\/page"}],"author":[{"embeddable":true,"href":"https:\/\/www.musikverein-epfendorf.de\/wordpress\/index.php?rest_route=\/wp\/v2\/users\/2"}],"replies":[{"embeddable":true,"href":"https:\/\/www.musikverein-epfendorf.de\/wordpress\/index.php?rest_route=%2Fwp%2Fv2%2Fcomments&post=1601"}],"version-history":[{"count":13,"href":"https:\/\/www.musikverein-epfendorf.de\/wordpress\/index.php?rest_route=\/wp\/v2\/pages\/1601\/revisions"}],"predecessor-version":[{"id":1643,"href":"https:\/\/www.musikverein-epfendorf.de\/wordpress\/index.php?rest_route=\/wp\/v2\/pages\/1601\/revisions\/1643"}],"up":[{"embeddable":true,"href":"https:\/\/www.musikverein-epfendorf.de\/wordpress\/index.php?rest_route=\/wp\/v2\/pages\/12"}],"wp:featuredmedia":[{"embeddable":true,"href":"https:\/\/www.musikverein-epfendorf.de\/wordpress\/index.php?rest_route=\/wp\/v2\/media\/1605"}],"wp:attachment":[{"href":"https:\/\/www.musikverein-epfendorf.de\/wordpress\/index.php?rest_route=%2Fwp%2Fv2%2Fmedia&parent=1601"}],"curies":[{"name":"wp","href":"https:\/\/api.w.org\/{rel}","templated":true}]}}