{"id":1789,"date":"2025-09-01T20:05:04","date_gmt":"2025-09-01T18:05:04","guid":{"rendered":"https:\/\/www.musikverein-epfendorf.de\/wordpress\/?page_id=1789"},"modified":"2025-09-01T20:26:02","modified_gmt":"2025-09-01T18:26:02","slug":"geschirr-und-spuelmobil-des-mve","status":"publish","type":"page","link":"https:\/\/www.musikverein-epfendorf.de\/wordpress\/?page_id=1789","title":{"rendered":"Geschirr- und Sp\u00fclmobil des MVE"},"content":{"rendered":"\n<figure class=\"wp-block-image size-full\"><a href=\"https:\/\/www.musikverein-epfendorf.de\/wordpress\/wp-content\/uploads\/2025\/09\/MVE_GeschrrSpuelmobil_2025-07_mod.jpg\"><img loading=\"lazy\" decoding=\"async\" width=\"814\" height=\"540\" src=\"https:\/\/www.musikverein-epfendorf.de\/wordpress\/wp-content\/uploads\/2025\/09\/MVE_GeschrrSpuelmobil_2025-07_mod.jpg\" alt=\"\" class=\"wp-image-1790\" srcset=\"https:\/\/www.musikverein-epfendorf.de\/wordpress\/wp-content\/uploads\/2025\/09\/MVE_GeschrrSpuelmobil_2025-07_mod.jpg 814w, https:\/\/www.musikverein-epfendorf.de\/wordpress\/wp-content\/uploads\/2025\/09\/MVE_GeschrrSpuelmobil_2025-07_mod-300x199.jpg 300w, https:\/\/www.musikverein-epfendorf.de\/wordpress\/wp-content\/uploads\/2025\/09\/MVE_GeschrrSpuelmobil_2025-07_mod-768x509.jpg 768w\" sizes=\"auto, (max-width: 814px) 100vw, 814px\" \/><\/a><figcaption class=\"wp-element-caption\">Das Geschirr- und Sp\u00fclmobil des MV Epfendorf e.V.<\/figcaption><\/figure>\n\n\n\n<p>Unser Geschirr- und Sp\u00fclmobil ist eine ideale Erg\u00e4nzung f\u00fcr Ihre Veranstaltung, mit der die Infrastruktur f\u00fcr die Reinigung von Tellern und Besteck sowie Gl\u00e4sern schnell und einfach bereitgestellt werden kann.<br>Folgendes ist in dem geschlossenen Anh\u00e4nger enthalten :<\/p>\n\n\n\n<ul class=\"wp-block-list\">\n<li>2 Industriegeschirrsp\u00fclmaschinen <br>(1x Gl\u00e4ser, 1x f\u00fcr \u00fcbriges Geschirr)<\/li>\n\n\n\n<li>200 Essteller mit Besteck (kann auf Anfrage auf 300 aufgestockt werden)<\/li>\n\n\n\n<li>200 Kuchenteller, Tassen und Untertassen mit Kaffeel\u00f6ffeln und Kuchengabeln<\/li>\n\n\n\n<li>auf Anfrage: 100 Kaffeebecher (250ml)<\/li>\n\n\n\n<li>auf Anfrage: 100 Suppenteller mit L\u00f6ffel<\/li>\n\n\n\n<li>auf Anfrage: 50 Suppentassen mit L\u00f6ffel<\/li>\n<\/ul>\n\n\n\n<p><strong>Anschlussvoraussetzungen:<\/strong><\/p>\n\n\n\n<p>F\u00fcr den Betrieb ist eine stabile Stromzufuhr mit 16A\/400V (Drehstrom 3-phasig) sowie eine Wasserzufuhr mit 0,75&#8243; Anschluss und ausreichend Wasserdruck erforderlich. Das Abwasser kann \u00fcber maximal 4 einfach koppelbare Schl\u00e4uche abgeleitet werden.<\/p>\n\n\n\n<p><strong>Anfrage:<\/strong><\/p>\n\n\n\n<p>F\u00fcr Terminanfragen und eine unverbindliche Kostenauskunft stehen wir Ihnen gerne zur Verf\u00fcgung, bitte senden Sie uns hierzu <a href=\"mailto:spuelmobil@musikverein-epfendorf.de?Subject=Anfrage Geschirr- und Spuelmobil\">eine E-Mail mit dem Wunschtermin sowie der voraussichtlichen Nutzungsdauer zu<\/a>.<\/p>\n\n\n\n<p><\/p>\n","protected":false},"excerpt":{"rendered":"<p>Unser Geschirr- und Sp\u00fclmobil ist eine ideale Erg\u00e4nzung f\u00fcr Ihre Veranstaltung, mit der die Infrastruktur f\u00fcr die Reinigung von Tellern und Besteck sowie Gl\u00e4sern schnell und einfach bereitgestellt werden kann.Folgendes ist in dem geschlossenen Anh\u00e4nger enthalten : Anschlussvoraussetzungen: F\u00fcr den <a class=\"more-link\" href=\"https:\/\/www.musikverein-epfendorf.de\/wordpress\/?page_id=1789\">weiterlesen&#8230;<\/a><\/p>\n","protected":false},"author":2,"featured_media":0,"parent":12,"menu_order":0,"comment_status":"closed","ping_status":"closed","template":"","meta":{"footnotes":""},"class_list":["post-1789","page","type-page","status-publish","hentry"],"_links":{"self":[{"href":"https:\/\/www.musikverein-epfendorf.de\/wordpress\/index.php?rest_route=\/wp\/v2\/pages\/1789","targetHints":{"allow":["GET"]}}],"collection":[{"href":"https:\/\/www.musikverein-epfendorf.de\/wordpress\/index.php?rest_route=\/wp\/v2\/pages"}],"about":[{"href":"https:\/\/www.musikverein-epfendorf.de\/wordpress\/index.php?rest_route=\/wp\/v2\/types\/page"}],"author":[{"embeddable":true,"href":"https:\/\/www.musikverein-epfendorf.de\/wordpress\/index.php?rest_route=\/wp\/v2\/users\/2"}],"replies":[{"embeddable":true,"href":"https:\/\/www.musikverein-epfendorf.de\/wordpress\/index.php?rest_route=%2Fwp%2Fv2%2Fcomments&post=1789"}],"version-history":[{"count":4,"href":"https:\/\/www.musikverein-epfendorf.de\/wordpress\/index.php?rest_route=\/wp\/v2\/pages\/1789\/revisions"}],"predecessor-version":[{"id":1795,"href":"https:\/\/www.musikverein-epfendorf.de\/wordpress\/index.php?rest_route=\/wp\/v2\/pages\/1789\/revisions\/1795"}],"up":[{"embeddable":true,"href":"https:\/\/www.musikverein-epfendorf.de\/wordpress\/index.php?rest_route=\/wp\/v2\/pages\/12"}],"wp:attachment":[{"href":"https:\/\/www.musikverein-epfendorf.de\/wordpress\/index.php?rest_route=%2Fwp%2Fv2%2Fmedia&parent=1789"}],"curies":[{"name":"wp","href":"https:\/\/api.w.org\/{rel}","templated":true}]}}